{"id":4278,"date":"2021-05-03T20:10:41","date_gmt":"2021-05-03T18:10:41","guid":{"rendered":"https:\/\/www.lesenfantsdefrankie.com\/?page_id=4278"},"modified":"2025-07-17T10:04:49","modified_gmt":"2025-07-17T08:04:49","slug":"devenir-membre","status":"publish","type":"page","link":"https:\/\/www.lesenfantsdefrankie.com\/en\/devenir-membre\/","title":{"rendered":"Become a Member"},"content":{"rendered":"<p>[et_pb_section fb_built=\u00a0\u00bb1&Prime; admin_label=\u00a0\u00bbMarket Information Section\u00a0\u00bb _builder_version=\u00a0\u00bb4.16&Prime; custom_padding=\u00a0\u00bb70px||70px|\u00a0\u00bb global_colors_info=\u00a0\u00bb{}\u00a0\u00bb][et_pb_row admin_label=\u00a0\u00bbMarket Information Title Area\u00a0\u00bb _builder_version=\u00a0\u00bb4.16&Prime; custom_padding=\u00a0\u00bb|||\u00a0\u00bb global_colors_info=\u00a0\u00bb{}\u00a0\u00bb][et_pb_column type=\u00a0\u00bb4_4&Prime; _builder_version=\u00a0\u00bb4.16&Prime; custom_padding=\u00a0\u00bb|||\u00a0\u00bb global_colors_info=\u00a0\u00bb{}\u00a0\u00bb custom_padding__hover=\u00a0\u00bb|||\u00a0\u00bb][et_pb_text admin_label=\u00a0\u00bbTitle\u00a0\u00bb _builder_version=\u00a0\u00bb4.27.4&Prime; text_font=\u00a0\u00bb||||||||\u00a0\u00bb header_font=\u00a0\u00bb||||||||\u00a0\u00bb header_2_font=\u00a0\u00bbLato||||||||\u00a0\u00bb header_2_font_size=\u00a0\u00bb36px\u00a0\u00bb header_2_line_height=\u00a0\u00bb1.5em\u00a0\u00bb custom_padding=\u00a0\u00bb|||\u00a0\u00bb animation_direction=\u00a0\u00bbleft\u00a0\u00bb text_text_shadow_style=\u00a0\u00bbpreset1&Prime; inline_fonts=\u00a0\u00bbAbril Fatface\u00a0\u00bb global_colors_info=\u00a0\u00bb{}\u00a0\u00bb]<\/p>\n<h1 id=\"title\"><span style=\"color: #e09900; font-family: Abril Fatface;\">DEVENIR MEMBRE<\/span><\/h1>\n<p>[\/et_pb_text][et_pb_text _builder_version=\u00a0\u00bb4.27.4&Prime; text_font=\u00a0\u00bb&#8211;et_global_heading_font||||||||\u00a0\u00bb text_text_color=\u00a0\u00bb#0C71C3&Prime; text_font_size=\u00a0\u00bb15px\u00a0\u00bb text_line_height=\u00a0\u00bb1.8em\u00a0\u00bb header_font=\u00a0\u00bb||||||||\u00a0\u00bb custom_padding=\u00a0\u00bb||5px|||\u00a0\u00bb animation_style=\u00a0\u00bbflip\u00a0\u00bb animation_direction=\u00a0\u00bbleft\u00a0\u00bb animation_intensity_flip=\u00a0\u00bb20%\u00a0\u00bb animation_starting_opacity=\u00a0\u00bb100%\u00a0\u00bb locked=\u00a0\u00bboff\u00a0\u00bb global_colors_info=\u00a0\u00bb{}\u00a0\u00bb]<\/p>\n<p>VOUS SOUHAITEZ REDONNER LE SOURIRE AUX ENFANTS EN SOUTENANT L\u2019ASSOCIATION \u00ab LES ENFANTS DE FRANKIE \u00bb ?<\/p>\n<p><span style=\"color: #0c71c3;\">En devenant membre, vous contribuez aux financements de sorties et de projets exceptionnels.<\/span><\/p>\n<p>[\/et_pb_text][\/et_pb_column][\/et_pb_row][et_pb_row _builder_version=\u00a0\u00bb4.16&Prime; _module_preset=\u00a0\u00bbdefault\u00a0\u00bb global_colors_info=\u00a0\u00bb{}\u00a0\u00bb][et_pb_column type=\u00a0\u00bb4_4&Prime; _builder_version=\u00a0\u00bb4.16&Prime; _module_preset=\u00a0\u00bbdefault\u00a0\u00bb global_colors_info=\u00a0\u00bb{}\u00a0\u00bb][et_pb_pricing_tables _builder_version=\u00a0\u00bb4.27.4&Prime; _module_preset=\u00a0\u00bbdefault\u00a0\u00bb global_colors_info=\u00a0\u00bb{}\u00a0\u00bb][et_pb_pricing_table title=\u00a0\u00bbMembre Actif       \u00a0\u00bb button_url=\u00a0\u00bbhttps:\/\/www.lesenfantsdefrankie.com\/produit\/membre-actif\/\u00a0\u00bb button_text=\u00a0\u00bbDevenir Membre Actif\u00a0\u00bb bullet_color=\u00a0\u00bb#0C71C3&Prime; _builder_version=\u00a0\u00bb4.27.4&Prime; _module_preset=\u00a0\u00bbdefault\u00a0\u00bb background_color=\u00a0\u00bb#FFFFFF\u00a0\u00bb background_enable_color=\u00a0\u00bbon\u00a0\u00bb border_color_all=\u00a0\u00bb#0C71C3&Prime; global_colors_info=\u00a0\u00bb{}\u00a0\u00bb sticky_transition=\u00a0\u00bbon\u00a0\u00bb]<\/p>\n<p style=\"font-weight: 400;\"><em>65 \u20ac par personne\u00a0\u00a0<\/em><\/p>\n<p style=\"font-weight: 400;\"><em>120 \u20ac par couple<\/em><\/p>\n<p>[\/et_pb_pricing_table][et_pb_pricing_table featured=\u00a0\u00bbon\u00a0\u00bb title=\u00a0\u00bbMembre Bienfaiteur   \u00a0\u00bb button_url=\u00a0\u00bbhttps:\/\/www.lesenfantsdefrankie.com\/produit\/membre-bienfaiteur\/\u00a0\u00bb button_text=\u00a0\u00bbDevenir Membre Bienfaiteur\u00a0\u00bb _builder_version=\u00a0\u00bb4.17.6&Prime; _module_preset=\u00a0\u00bbdefault\u00a0\u00bb global_colors_info=\u00a0\u00bb{}\u00a0\u00bb sticky_transition=\u00a0\u00bbon\u00a0\u00bb]<\/p>\n<p style=\"font-weight: 400;\"><em>80 \u20ac par personne ou plus<\/em><\/p>\n<p style=\"font-weight: 400;\"><em>150 \u20ac par couple ou plus<\/em><\/p>\n<p>[\/et_pb_pricing_table][et_pb_pricing_table title=\u00a0\u00bbMembre d\u2019Honneur\u00a0\u00bb button_url=\u00a0\u00bbhttps:\/\/www.lesenfantsdefrankie.com\/produit\/membre-dhonneur\/\u00a0\u00bb button_text=\u00a0\u00bbDevenir Membre d&rsquo;Honneur\u00a0\u00bb _builder_version=\u00a0\u00bb4.17.6&Prime; _module_preset=\u00a0\u00bbdefault\u00a0\u00bb global_colors_info=\u00a0\u00bb{}\u00a0\u00bb sticky_transition=\u00a0\u00bbon\u00a0\u00bb]<\/p>\n<p style=\"font-weight: 400;\"><em>305 \u20ac par personne ou plus<\/em><\/p>\n<p style=\"font-weight: 400;\"><em>500 \u20ac par couple ou plus<\/em><\/p>\n<p>[\/et_pb_pricing_table][\/et_pb_pricing_tables][\/et_pb_column][\/et_pb_row][et_pb_row admin_label=\u00a0\u00bbMarket Information Title Area\u00a0\u00bb _builder_version=\u00a0\u00bb4.16&Prime; custom_padding=\u00a0\u00bb|||\u00a0\u00bb global_colors_info=\u00a0\u00bb{}\u00a0\u00bb][et_pb_column type=\u00a0\u00bb4_4&Prime; _builder_version=\u00a0\u00bb4.16&Prime; custom_padding=\u00a0\u00bb|||\u00a0\u00bb global_colors_info=\u00a0\u00bb{}\u00a0\u00bb custom_padding__hover=\u00a0\u00bb|||\u00a0\u00bb][et_pb_text _builder_version=\u00a0\u00bb4.27.4&Prime; text_font=\u00a0\u00bb&#8211;et_global_heading_font||||||||\u00a0\u00bb text_font_size=\u00a0\u00bb15px\u00a0\u00bb text_line_height=\u00a0\u00bb1.8em\u00a0\u00bb header_font=\u00a0\u00bb||||||||\u00a0\u00bb custom_padding=\u00a0\u00bb||1px|||\u00a0\u00bb animation_style=\u00a0\u00bbflip\u00a0\u00bb animation_direction=\u00a0\u00bbleft\u00a0\u00bb animation_intensity_flip=\u00a0\u00bb20%\u00a0\u00bb animation_starting_opacity=\u00a0\u00bb100%\u00a0\u00bb locked=\u00a0\u00bboff\u00a0\u00bb inline_fonts=\u00a0\u00bbAlatsi,Albert Sans\u00a0\u00bb global_colors_info=\u00a0\u00bb{}\u00a0\u00bb]<\/p>\n<p><span style=\"font-family: Albert Sans; font-weight: normal; color: #0c71c3;\"><strong>Voici les diff\u00e9rents moyens de paiement<\/strong>:<\/span><\/p>\n<blockquote>\n<p><span style=\"font-family: Albert Sans; font-weight: normal; color: #0c71c3;\"><strong>&#8211; Carte bancaire<\/strong>\u00a0directement en ligne en cliquant sur le bouton ci-dessus<\/span><\/p>\n<p><span style=\"font-family: Albert Sans; font-weight: normal; color: #0c71c3;\"><strong>&#8211; Ch\u00e8que <\/strong>\u00e0 l&rsquo;ordre de \u00a0\u00bb Les Enfants de Frankie\u00a0\u00bb avec votre nom, adresse et num\u00e9ro de t\u00e9l\u00e9phone<\/span><\/p>\n<p><span style=\"font-family: Albert Sans; font-weight: normal; color: #0c71c3;\"><strong>&#8211; Virement<\/strong>\u00a0 IBAN : MC58 3000 3015 0400 0372 6188 642\u00a0 \u00a0 \u00a0 \u00a0 \u00a0 \u00a0 \u00a0BIC : SOGMCM1<\/span><\/p>\n<\/blockquote>\n<p>[\/et_pb_text][et_pb_text admin_label=\u00a0\u00bbTitle\u00a0\u00bb _builder_version=\u00a0\u00bb4.27.4&Prime; text_font=\u00a0\u00bb||||||||\u00a0\u00bb header_font=\u00a0\u00bb||||||||\u00a0\u00bb header_2_font=\u00a0\u00bbLato||||||||\u00a0\u00bb header_2_font_size=\u00a0\u00bb36px\u00a0\u00bb header_2_line_height=\u00a0\u00bb1.5em\u00a0\u00bb min_height=\u00a0\u00bb161px\u00a0\u00bb custom_padding=\u00a0\u00bb0px|||||\u00a0\u00bb animation_direction=\u00a0\u00bbleft\u00a0\u00bb text_text_shadow_style=\u00a0\u00bbpreset1&Prime; inline_fonts=\u00a0\u00bbAbril Fatface\u00a0\u00bb global_colors_info=\u00a0\u00bb{}\u00a0\u00bb]<\/p>\n<h1>\u00a0<\/h1>\n<h1>\u00a0<\/h1>\n<h1 id=\"title\"><span style=\"color: #153575;\"><span style=\"font-family: Abril Fatface; font-weight: normal; color: #e09900;\">PRIVIL\u00c8GES DES MEMBRES<\/span><br \/><\/span><\/h1>\n<p>[\/et_pb_text][et_pb_text _builder_version=\u00a0\u00bb4.27.4&Prime; text_font=\u00a0\u00bb&#8211;et_global_heading_font||||||||\u00a0\u00bb text_font_size=\u00a0\u00bb15px\u00a0\u00bb text_line_height=\u00a0\u00bb1.8em\u00a0\u00bb header_font=\u00a0\u00bb||||||||\u00a0\u00bb animation_style=\u00a0\u00bbflip\u00a0\u00bb animation_direction=\u00a0\u00bbleft\u00a0\u00bb animation_intensity_flip=\u00a0\u00bb20%\u00a0\u00bb animation_starting_opacity=\u00a0\u00bb100%\u00a0\u00bb hover_enabled=\u00a0\u00bb0&Prime; locked=\u00a0\u00bboff\u00a0\u00bb inline_fonts=\u00a0\u00bbAlbert Sans\u00a0\u00bb global_colors_info=\u00a0\u00bb{}\u00a0\u00bb sticky_enabled=\u00a0\u00bb0&Prime;]<\/p>\n<blockquote>\n<p><span style=\"color: #0c71c3; font-family: Albert Sans; font-weight: normal;\">&#8211; Droit de vote \u00e0 l\u2019Assembl\u00e9e G\u00e9n\u00e9rale (une fois par an)<\/span><\/p>\n<p><span style=\"color: #0c71c3; font-family: Albert Sans; font-weight: normal;\">&#8211; Droit d\u2019\u00e9ligibilit\u00e9 au Conseil d\u2019Administration<\/span><\/p>\n<p><span style=\"color: #0c71c3; font-family: Albert Sans; font-weight: normal;\">&#8211; Acc\u00e8s prioritaire aux r\u00e9servations de la soir\u00e9e de gala annuelle<\/span><\/p>\n<p><span style=\"color: #0c71c3; font-family: Albert Sans; font-weight: normal;\">&#8211; Envoi du \u00ab Petit Journal de Frankie \u00bb deux fois par an<\/span><\/p>\n<p><span style=\"color: #0c71c3; font-family: Albert Sans; font-weight: normal;\">&#8211; \u00ab Calendrier de Frankie \u00bb offert<\/span><\/p>\n<\/blockquote>\n<p>[\/et_pb_text][\/et_pb_column][\/et_pb_row][\/et_pb_section]<\/p>\n","protected":false},"excerpt":{"rendered":"<p>DEVENIR MEMBREVOUS SOUHAITEZ REDONNER LE SOURIRE AUX ENFANTS EN SOUTENANT L\u2019ASSOCIATION \u00ab LES ENFANTS DE FRANKIE \u00bb ? En devenant membre, vous contribuez aux financements de sorties et de projets exceptionnels.65 \u20ac par personne\u00a0\u00a0 120 \u20ac par couple80 \u20ac par personne ou plus 150 \u20ac par couple ou plus305 \u20ac par personne ou plus 500 [&hellip;]<\/p>\n","protected":false},"author":2,"featured_media":0,"parent":0,"menu_order":0,"comment_status":"closed","ping_status":"closed","template":"","meta":{"_et_pb_use_builder":"on","_et_pb_old_content":"","_et_gb_content_width":"","footnotes":""},"class_list":["post-4278","page","type-page","status-publish","hentry"],"jetpack_sharing_enabled":true,"_links":{"self":[{"href":"https:\/\/www.lesenfantsdefrankie.com\/en\/wp-json\/wp\/v2\/pages\/4278","targetHints":{"allow":["GET"]}}],"collection":[{"href":"https:\/\/www.lesenfantsdefrankie.com\/en\/wp-json\/wp\/v2\/pages"}],"about":[{"href":"https:\/\/www.lesenfantsdefrankie.com\/en\/wp-json\/wp\/v2\/types\/page"}],"author":[{"embeddable":true,"href":"https:\/\/www.lesenfantsdefrankie.com\/en\/wp-json\/wp\/v2\/users\/2"}],"replies":[{"embeddable":true,"href":"https:\/\/www.lesenfantsdefrankie.com\/en\/wp-json\/wp\/v2\/comments?post=4278"}],"version-history":[{"count":5,"href":"https:\/\/www.lesenfantsdefrankie.com\/en\/wp-json\/wp\/v2\/pages\/4278\/revisions"}],"predecessor-version":[{"id":7497,"href":"https:\/\/www.lesenfantsdefrankie.com\/en\/wp-json\/wp\/v2\/pages\/4278\/revisions\/7497"}],"wp:attachment":[{"href":"https:\/\/www.lesenfantsdefrankie.com\/en\/wp-json\/wp\/v2\/media?parent=4278"}],"curies":[{"name":"wp","href":"https:\/\/api.w.org\/{rel}","templated":true}]}}