{"id":4259,"date":"2021-05-03T16:02:38","date_gmt":"2021-05-03T14:02:38","guid":{"rendered":"https:\/\/www.lesenfantsdefrankie.com\/?page_id=4259"},"modified":"2025-07-31T11:49:31","modified_gmt":"2025-07-31T09:49:31","slug":"benevolat","status":"publish","type":"page","link":"https:\/\/www.lesenfantsdefrankie.com\/en\/benevolat\/","title":{"rendered":"Volunteers"},"content":{"rendered":"<p>[et_pb_section fb_built=\u00a0\u00bb1&Prime; admin_label=\u00a0\u00bbMarket Information Section\u00a0\u00bb _builder_version=\u00a0\u00bb4.16&Prime; custom_padding=\u00a0\u00bb70px||70px|\u00a0\u00bb global_colors_info=\u00a0\u00bb{}\u00a0\u00bb][et_pb_row admin_label=\u00a0\u00bbMarket Information Title Area\u00a0\u00bb _builder_version=\u00a0\u00bb4.27.4&Prime; custom_padding=\u00a0\u00bb|||\u00a0\u00bb global_colors_info=\u00a0\u00bb{}\u00a0\u00bb][et_pb_column type=\u00a0\u00bb4_4&Prime; _builder_version=\u00a0\u00bb4.16&Prime; custom_padding=\u00a0\u00bb|||\u00a0\u00bb global_colors_info=\u00a0\u00bb{}\u00a0\u00bb custom_padding__hover=\u00a0\u00bb|||\u00a0\u00bb][et_pb_text _builder_version=\u00a0\u00bb4.27.4&Prime; _module_preset=\u00a0\u00bbdefault\u00a0\u00bb text_font=\u00a0\u00bbAbril Fatface||||||||\u00a0\u00bb text_font_size=\u00a0\u00bb36px\u00a0\u00bb text_text_shadow_style=\u00a0\u00bbpreset1&Prime; text_text_shadow_vertical_length=\u00a0\u00bb-0.03em\u00a0\u00bb inline_fonts=\u00a0\u00bbAbril Fatface\u00a0\u00bb global_colors_info=\u00a0\u00bb{}\u00a0\u00bb]<\/p>\n<h1 style=\"text-align: center;\"><span style=\"font-family: Abril Fatface; font-weight: normal; font-size: x-large; color: #e09900;\"><span style=\"font-size: xx-large;\">B\u00c9N\u00c9VOLAT<\/span> <\/span><\/h1>\n<p>[\/et_pb_text][et_pb_text _builder_version=\u00a0\u00bb4.27.4&Prime; text_font=\u00a0\u00bb&#8211;et_global_heading_font||||||||\u00a0\u00bb text_text_color=\u00a0\u00bb#0C71C3&Prime; text_font_size=\u00a0\u00bb15px\u00a0\u00bb text_line_height=\u00a0\u00bb1.8em\u00a0\u00bb header_font=\u00a0\u00bb||||||||\u00a0\u00bb custom_padding=\u00a0\u00bb||8px|||\u00a0\u00bb animation_style=\u00a0\u00bbflip\u00a0\u00bb animation_direction=\u00a0\u00bbleft\u00a0\u00bb animation_duration=\u00a0\u00bb900ms\u00a0\u00bb animation_delay=\u00a0\u00bb100ms\u00a0\u00bb animation_intensity_flip=\u00a0\u00bb19%\u00a0\u00bb animation_starting_opacity=\u00a0\u00bb100%\u00a0\u00bb locked=\u00a0\u00bboff\u00a0\u00bb inline_fonts=\u00a0\u00bbAlbert Sans\u00a0\u00bb global_colors_info=\u00a0\u00bb{}\u00a0\u00bb]<\/p>\n<p><span style=\"font-family: Albert Sans;\">L&rsquo;association recrute des b\u00e9n\u00e9voles tout au long de l&rsquo;ann\u00e9e. Si vous souhaitez accorder un peu de votre temps pour soutenir les enfants malades et vuln\u00e9rables, vous \u00eates les bienvenus !\u00a0<\/span><\/p>\n<p><span style=\"font-family: Albert Sans;\"><strong>En devenant b\u00e9n\u00e9vole,<\/strong> vous avez la possibilit\u00e9 de partager des moments uniques avec des enfants lors des diff\u00e9rentes sorties.<\/span><\/p>\n<blockquote>\n<p style=\"text-align: center;\"><span style=\"text-decoration: underline;\"><strong>\u00catre b\u00e9n\u00e9vole Frankie, c&rsquo;est :<\/strong><\/span><\/p>\n<p style=\"text-align: justify;\">&#8211; Respecter les valeurs de l\u2019association, la repr\u00e9senter avec int\u00e9grit\u00e9 : adopter un comportement bienveillant et respectueux envers les enfants, les familles, les autres b\u00e9n\u00e9voles ainsi que les partenaires. Respecter le cadre de confidentialit\u00e9 de l&rsquo;association, ne divulguer aucune information inh\u00e9rente \u00e0 l&rsquo;association ou concernant la situation des enfants, de leur famille.<\/p>\n<p style=\"text-align: justify;\">&#8211; Avoir la libert\u00e9 de choisir les missions selon ses disponibilit\u00e9s et ses comp\u00e9tences, dans le respect des engagements pris, des consignes et pr\u00e9venir en cas d\u2019indisponibilit\u00e9. \u00catre inform\u00e9 sur le cadre de son intervention ; compter sur le soutien des responsables, \u00eatre encadr\u00e9 dans ses actions. Avoir droit au respect et \u00e0 la reconnaissance, voir ses efforts valoris\u00e9s.<\/p>\n<p style=\"text-align: justify;\">&#8211; Favoriser le travail en \u00e9quipe, respecter les r\u00e8gles de s\u00e9curit\u00e9 pour garantir le bien-\u00eatre des enfants lors des activit\u00e9s. \u00c9viter tout conflit d\u2019int\u00e9r\u00eat, agir dans leur int\u00e9r\u00eat, sans en tirer un b\u00e9n\u00e9fice personnel.<\/p>\n<p style=\"text-align: justify;\">&#8211; Accueillir chaque enfant sans jugement ni distinction, chaque enfant a une histoire unique et doit se sentir \u00e0 \u00e9galit\u00e9 dans la relation avec les b\u00e9n\u00e9voles. Pr\u00e9server leur intimit\u00e9, ne jamais poser de questions intrusives sur leur vie personnelle.<\/p>\n<p style=\"text-align: justify;\">&#8211; Respecter strictement le cadre de l\u2019association et n\u2019\u00e9tablir aucun contact avec les enfants en dehors de la journ\u00e9e d\u2019activit\u00e9, : ni Appel, message, r\u00e9seaux sociaux, ni rencontre.<\/p>\n<\/blockquote>\n<p style=\"text-align: center;\"><span style=\"font-family: Albert Sans; font-size: large;\">Pour tout renseignement compl\u00e9mentaire, n\u2019h\u00e9sitez pas \u00e0 nous contacter : <\/span><a href=\"mailto:benevolefrankie@libello.com\"><span style=\"font-family: Albert Sans;\"><span style=\"text-decoration: underline;\"><span style=\"font-size: large;\">benevolefrankie@libello.com<\/span><\/span><\/span><\/a><\/p>\n<p style=\"text-align: justify;\">\n<p>[\/et_pb_text][et_pb_heading title=\u00a0\u00bbD\u00e9couvrez le programme du Second trimestre 2025:\u00a0\u00bb _builder_version=\u00a0\u00bb4.27.4&Prime; _module_preset=\u00a0\u00bbdefault\u00a0\u00bb title_text_align=\u00a0\u00bbcenter\u00a0\u00bb title_text_color=\u00a0\u00bb#E09900&Prime; custom_padding=\u00a0\u00bb||0px|||\u00a0\u00bb hover_enabled=\u00a0\u00bb0&Prime; text_shadow_style=\u00a0\u00bbpreset1&Prime; global_colors_info=\u00a0\u00bb{}\u00a0\u00bb sticky_enabled=\u00a0\u00bb0&Prime; url=\u00a0\u00bb@ET-DC@eyJkeW5hbWljIjp0cnVlLCJjb250ZW50IjoicG9zdF9saW5rX3VybF9hdHRhY2htZW50Iiwic2V0dGluZ3MiOnsicG9zdF9pZCI6Ijc1NTMifX0=@\u00a0\u00bb _dynamic_attributes=\u00a0\u00bburl\u00a0\u00bb][\/et_pb_heading][et_pb_button button_url=\u00a0\u00bb@ET-DC@eyJkeW5hbWljIjp0cnVlLCJjb250ZW50IjoicG9zdF9saW5rX3VybF9hdHRhY2htZW50Iiwic2V0dGluZ3MiOnsicG9zdF9pZCI6Ijc1MTcifX0=@\u00a0\u00bb button_text=\u00a0\u00bbPROGRAMME \u00a0\u00bb _builder_version=\u00a0\u00bb4.27.4&Prime; _dynamic_attributes=\u00a0\u00bbbutton_url\u00a0\u00bb _module_preset=\u00a0\u00bbdefault\u00a0\u00bb custom_margin=\u00a0\u00bb|||457px||\u00a0\u00bb hover_enabled=\u00a0\u00bb0&Prime; global_colors_info=\u00a0\u00bb{}\u00a0\u00bb sticky_enabled=\u00a0\u00bb0&Prime;][\/et_pb_button][et_pb_text admin_label=\u00a0\u00bbTitle\u00a0\u00bb _builder_version=\u00a0\u00bb4.27.4&Prime; _dynamic_attributes=\u00a0\u00bblink_option_url,content\u00a0\u00bb text_font=\u00a0\u00bb||||||||\u00a0\u00bb header_font=\u00a0\u00bb||||||||\u00a0\u00bb header_2_font=\u00a0\u00bbLato||||||||\u00a0\u00bb header_2_font_size=\u00a0\u00bb36px\u00a0\u00bb header_2_line_height=\u00a0\u00bb1.5em\u00a0\u00bb custom_padding=\u00a0\u00bb|||\u00a0\u00bb animation_direction=\u00a0\u00bbleft\u00a0\u00bb link_option_url=\u00a0\u00bb@ET-DC@eyJkeW5hbWljIjp0cnVlLCJjb250ZW50IjoicG9zdF9saW5rX3VybF9hdHRhY2htZW50Iiwic2V0dGluZ3MiOnsicG9zdF9pZCI6Ijc1MTcifX0=@\u00a0\u00bb inline_fonts=\u00a0\u00bbAbril Fatface\u00a0\u00bb global_colors_info=\u00a0\u00bb{}\u00a0\u00bb]@ET-DC@eyJkeW5hbWljIjp0cnVlLCJjb250ZW50IjoicG9zdF9tZXRhX2tleSIsInNldHRpbmdzIjp7ImJlZm9yZSI6IiIsImFmdGVyIjoiIiwibWV0YV9rZXkiOiIiLCJlbmFibGVfaHRtbCI6Im9mZiJ9fQ==@[\/et_pb_text][et_pb_text _builder_version=\u00a0\u00bb4.27.4&Prime; text_font=\u00a0\u00bb||||||||\u00a0\u00bb text_text_color=\u00a0\u00bb#0C71C3&Prime; text_font_size=\u00a0\u00bb15px\u00a0\u00bb text_line_height=\u00a0\u00bb1.8em\u00a0\u00bb header_font=\u00a0\u00bb||||||||\u00a0\u00bb custom_padding=\u00a0\u00bb||8px|||\u00a0\u00bb animation_style=\u00a0\u00bbflip\u00a0\u00bb animation_direction=\u00a0\u00bbleft\u00a0\u00bb animation_intensity_flip=\u00a0\u00bb20%\u00a0\u00bb animation_starting_opacity=\u00a0\u00bb100%\u00a0\u00bb locked=\u00a0\u00bboff\u00a0\u00bb global_colors_info=\u00a0\u00bb{}\u00a0\u00bb]<\/p>\n<p style=\"text-align: left;\"><strong>Pour devenir b\u00e9n\u00e9vole, remplissez d\u00e8s maintenant le formulaire en ligne ci-dessous :<\/strong><\/p>\n<p>[\/et_pb_text][\/et_pb_column][\/et_pb_row][et_pb_row _builder_version=\u00a0\u00bb4.16&Prime; _module_preset=\u00a0\u00bbdefault\u00a0\u00bb global_colors_info=\u00a0\u00bb{}\u00a0\u00bb][et_pb_column type=\u00a0\u00bb4_4&Prime; _builder_version=\u00a0\u00bb4.16&Prime; _module_preset=\u00a0\u00bbdefault\u00a0\u00bb global_colors_info=\u00a0\u00bb{}\u00a0\u00bb][et_pb_contact_form email=\u00a0\u00bbbenevolefrankie@libello.com\u00a0\u00bb custom_message=\u00a0\u00bbPr\u00e9nom %%Pr\u00e9nom%%||et_pb_line_break_holder||Nom %%Nom%%||et_pb_line_break_holder||Portable %%Portable%%||et_pb_line_break_holder||Email %%Email%%||et_pb_line_break_holder||Addresse %%Address%%||et_pb_line_break_holder||Date &#038; lieu de Naissance %%Date_&#038;_lieu_de_Naissance%%||et_pb_line_break_holder||Nationalit\u00e9 %%Nationalit\u00e9%%||et_pb_line_break_holder||Situation Professionnelle %%Situation_Professionnelle%%||et_pb_line_break_holder||Profession %%Profession%%||et_pb_line_break_holder||Employeur %%Employeur_?%%||et_pb_line_break_holder||Pour quelle raison souhaitez-vous devenir b\u00e9n\u00e9vole %%Pour_quelle_raison_souhaitez-vous_devenir_b\u00e9n\u00e9vole_?%%||et_pb_line_break_holder||Comment avez-vous entendu parler de notre association %%Comment_avez-vous_entendu_parler_de_notre_association_?%%||et_pb_line_break_holder||Informations importantes vous concernant %%Informations_importantes_vous_concernant_?%%\u00a0\u00bb _builder_version=\u00a0\u00bb4.16&Prime; _module_preset=\u00a0\u00bbdefault\u00a0\u00bb _unique_id=\u00a0\u00bb74d1a89b-f8c8-4e95-8677-19c85b486356&Prime; global_colors_info=\u00a0\u00bb{}\u00a0\u00bb][et_pb_contact_field field_id=\u00a0\u00bbPr\u00e9nom\u00a0\u00bb field_title=\u00a0\u00bbPr\u00e9nom\u00a0\u00bb _builder_version=\u00a0\u00bb4.16&Prime; global_colors_info=\u00a0\u00bb{}\u00a0\u00bb button_text_size__hover_enabled=\u00a0\u00bboff\u00a0\u00bb button_one_text_size__hover_enabled=\u00a0\u00bboff\u00a0\u00bb button_two_text_size__hover_enabled=\u00a0\u00bboff\u00a0\u00bb button_text_color__hover_enabled=\u00a0\u00bboff\u00a0\u00bb button_one_text_color__hover_enabled=\u00a0\u00bboff\u00a0\u00bb button_two_text_color__hover_enabled=\u00a0\u00bboff\u00a0\u00bb button_border_width__hover_enabled=\u00a0\u00bboff\u00a0\u00bb button_one_border_width__hover_enabled=\u00a0\u00bboff\u00a0\u00bb button_two_border_width__hover_enabled=\u00a0\u00bboff\u00a0\u00bb button_border_color__hover_enabled=\u00a0\u00bboff\u00a0\u00bb button_one_border_color__hover_enabled=\u00a0\u00bboff\u00a0\u00bb button_two_border_color__hover_enabled=\u00a0\u00bboff\u00a0\u00bb button_border_radius__hover_enabled=\u00a0\u00bboff\u00a0\u00bb button_one_border_radius__hover_enabled=\u00a0\u00bboff\u00a0\u00bb button_two_border_radius__hover_enabled=\u00a0\u00bboff\u00a0\u00bb button_letter_spacing__hover_enabled=\u00a0\u00bboff\u00a0\u00bb button_one_letter_spacing__hover_enabled=\u00a0\u00bboff\u00a0\u00bb button_two_letter_spacing__hover_enabled=\u00a0\u00bboff\u00a0\u00bb button_bg_color__hover_enabled=\u00a0\u00bboff\u00a0\u00bb button_one_bg_color__hover_enabled=\u00a0\u00bboff\u00a0\u00bb button_two_bg_color__hover_enabled=\u00a0\u00bboff\u00a0\u00bb][\/et_pb_contact_field][et_pb_contact_field field_id=\u00a0\u00bbNom\u00a0\u00bb field_title=\u00a0\u00bbNom\u00a0\u00bb _builder_version=\u00a0\u00bb4.16&Prime; _module_preset=\u00a0\u00bbdefault\u00a0\u00bb global_colors_info=\u00a0\u00bb{}\u00a0\u00bb][\/et_pb_contact_field][et_pb_contact_field field_id=\u00a0\u00bbPortable\u00a0\u00bb field_title=\u00a0\u00bbPortable\u00a0\u00bb _builder_version=\u00a0\u00bb4.16&Prime; _module_preset=\u00a0\u00bbdefault\u00a0\u00bb global_colors_info=\u00a0\u00bb{}\u00a0\u00bb][\/et_pb_contact_field][et_pb_contact_field field_id=\u00a0\u00bbEmail\u00a0\u00bb field_title=\u00a0\u00bbAdresse e-mail\u00a0\u00bb field_type=\u00a0\u00bbemail\u00a0\u00bb _builder_version=\u00a0\u00bb4.16&Prime; global_colors_info=\u00a0\u00bb{}\u00a0\u00bb button_text_size__hover_enabled=\u00a0\u00bboff\u00a0\u00bb button_one_text_size__hover_enabled=\u00a0\u00bboff\u00a0\u00bb button_two_text_size__hover_enabled=\u00a0\u00bboff\u00a0\u00bb button_text_color__hover_enabled=\u00a0\u00bboff\u00a0\u00bb button_one_text_color__hover_enabled=\u00a0\u00bboff\u00a0\u00bb button_two_text_color__hover_enabled=\u00a0\u00bboff\u00a0\u00bb button_border_width__hover_enabled=\u00a0\u00bboff\u00a0\u00bb button_one_border_width__hover_enabled=\u00a0\u00bboff\u00a0\u00bb button_two_border_width__hover_enabled=\u00a0\u00bboff\u00a0\u00bb button_border_color__hover_enabled=\u00a0\u00bboff\u00a0\u00bb button_one_border_color__hover_enabled=\u00a0\u00bboff\u00a0\u00bb button_two_border_color__hover_enabled=\u00a0\u00bboff\u00a0\u00bb button_border_radius__hover_enabled=\u00a0\u00bboff\u00a0\u00bb button_one_border_radius__hover_enabled=\u00a0\u00bboff\u00a0\u00bb button_two_border_radius__hover_enabled=\u00a0\u00bboff\u00a0\u00bb button_letter_spacing__hover_enabled=\u00a0\u00bboff\u00a0\u00bb button_one_letter_spacing__hover_enabled=\u00a0\u00bboff\u00a0\u00bb button_two_letter_spacing__hover_enabled=\u00a0\u00bboff\u00a0\u00bb button_bg_color__hover_enabled=\u00a0\u00bboff\u00a0\u00bb button_one_bg_color__hover_enabled=\u00a0\u00bboff\u00a0\u00bb button_two_bg_color__hover_enabled=\u00a0\u00bboff\u00a0\u00bb][\/et_pb_contact_field][et_pb_contact_field field_id=\u00a0\u00bbAddress\u00a0\u00bb field_title=\u00a0\u00bbAddresse\u00a0\u00bb _builder_version=\u00a0\u00bb4.16&Prime; _module_preset=\u00a0\u00bbdefault\u00a0\u00bb global_colors_info=\u00a0\u00bb{}\u00a0\u00bb][\/et_pb_contact_field][et_pb_contact_field field_id=\u00a0\u00bbDate_&#038;_lieu_de_Naissance\u00a0\u00bb field_title=\u00a0\u00bbDate &#038; lieu de Naissance\u00a0\u00bb _builder_version=\u00a0\u00bb4.16&Prime; _module_preset=\u00a0\u00bbdefault\u00a0\u00bb global_colors_info=\u00a0\u00bb{}\u00a0\u00bb][\/et_pb_contact_field][et_pb_contact_field field_id=\u00a0\u00bbNationalit\u00e9\u00a0\u00bb field_title=\u00a0\u00bbNationalit\u00e9 \u00a0\u00bb _builder_version=\u00a0\u00bb4.16&Prime; _module_preset=\u00a0\u00bbdefault\u00a0\u00bb global_colors_info=\u00a0\u00bb{}\u00a0\u00bb][\/et_pb_contact_field][et_pb_contact_field field_id=\u00a0\u00bbSituation_Professionnelle\u00a0\u00bb field_title=\u00a0\u00bbSituation Professionnelle\u00a0\u00bb field_type=\u00a0\u00bbcheckbox\u00a0\u00bb checkbox_options=\u00a0\u00bb%91{%22value%22:%22\u00c9tudiant%22,%22checked%22:0,%22dragID%22:0},{%22value%22:%22En Recherche d&#8217;emploi%22,%22checked%22:0,%22dragID%22:1},{%22value%22:%22En activit\u00e9%22,%22checked%22:0,%22dragID%22:2},{%22value%22:%22Retrait\u00e9%22,%22checked%22:0,%22dragID%22:3},{%22value%22:%22Autre%22,%22checked%22:0,%22dragID%22:4}%93&Prime; fullwidth_field=\u00a0\u00bbon\u00a0\u00bb _builder_version=\u00a0\u00bb4.16&Prime; _module_preset=\u00a0\u00bbdefault\u00a0\u00bb global_colors_info=\u00a0\u00bb{}\u00a0\u00bb][\/et_pb_contact_field][et_pb_contact_field field_id=\u00a0\u00bbProfession\u00a0\u00bb field_title=\u00a0\u00bbProfession ?\u00a0\u00bb required_mark=\u00a0\u00bboff\u00a0\u00bb _builder_version=\u00a0\u00bb4.16&Prime; _module_preset=\u00a0\u00bbdefault\u00a0\u00bb global_colors_info=\u00a0\u00bb{}\u00a0\u00bb][\/et_pb_contact_field][et_pb_contact_field field_id=\u00a0\u00bbEmployeur_?\u00a0\u00bb field_title=\u00a0\u00bbEmployeur ?\u00a0\u00bb required_mark=\u00a0\u00bboff\u00a0\u00bb _builder_version=\u00a0\u00bb4.16&Prime; _module_preset=\u00a0\u00bbdefault\u00a0\u00bb global_colors_info=\u00a0\u00bb{}\u00a0\u00bb][\/et_pb_contact_field][et_pb_contact_field field_id=\u00a0\u00bbPour_quelle_raison_souhaitez-vous_devenir_b\u00e9n\u00e9vole_?\u00a0\u00bb field_title=\u00a0\u00bbPour quelle raison souhaitez-vous devenir b\u00e9n\u00e9vole ?\u00a0\u00bb field_type=\u00a0\u00bbtext\u00a0\u00bb fullwidth_field=\u00a0\u00bbon\u00a0\u00bb _builder_version=\u00a0\u00bb4.16&Prime; _module_preset=\u00a0\u00bbdefault\u00a0\u00bb global_colors_info=\u00a0\u00bb{}\u00a0\u00bb][\/et_pb_contact_field][et_pb_contact_field field_id=\u00a0\u00bbComment_avez-vous_entendu_parler_de_notre_association_?\u00a0\u00bb field_title=\u00a0\u00bbComment avez-vous entendu parler de notre association ?\u00a0\u00bb field_type=\u00a0\u00bbcheckbox\u00a0\u00bb checkbox_options=\u00a0\u00bb%91{%22value%22:%22Site internet%22,%22checked%22:0,%22dragID%22:-1},{%22value%22:%22Famille &#038; Amis%22,%22checked%22:0,%22dragID%22:0},{%22value%22:%22R\u00e9seaux sociaux%22,%22checked%22:0,%22dragID%22:1},{%22value%22:%22Brochures \/ D\u00e9pliants,&#8230;%22,%22checked%22:0,%22dragID%22:2},{%22value%22:%22Autre%22,%22checked%22:0,%22dragID%22:3}%93&Prime; fullwidth_field=\u00a0\u00bbon\u00a0\u00bb _builder_version=\u00a0\u00bb4.16&Prime; _module_preset=\u00a0\u00bbdefault\u00a0\u00bb global_colors_info=\u00a0\u00bb{}\u00a0\u00bb][\/et_pb_contact_field][et_pb_contact_field field_id=\u00a0\u00bbInformations_importantes_vous_concernant_?\u00a0\u00bb field_title=\u00a0\u00bbInformations importantes vous concernant ?\u00a0\u00bb field_type=\u00a0\u00bbtext\u00a0\u00bb fullwidth_field=\u00a0\u00bbon\u00a0\u00bb _builder_version=\u00a0\u00bb4.16&Prime; _module_preset=\u00a0\u00bbdefault\u00a0\u00bb global_colors_info=\u00a0\u00bb{}\u00a0\u00bb][\/et_pb_contact_field][\/et_pb_contact_form][et_pb_text _builder_version=\u00a0\u00bb4.27.4&Prime; _module_preset=\u00a0\u00bbdefault\u00a0\u00bb text_text_color=\u00a0\u00bb#0C71C3&Prime; text_font_size=\u00a0\u00bb15px\u00a0\u00bb custom_padding=\u00a0\u00bb0px|||||\u00a0\u00bb inline_fonts=\u00a0\u00bbAlbert Sans\u00a0\u00bb global_colors_info=\u00a0\u00bb{}\u00a0\u00bb]<\/p>\n<p><strong><span style=\"text-decoration: underline;\"><span style=\"font-family: Albert Sans;\">Pi\u00e8ces \u00e0 fournir\u00a0:<\/span><\/span><\/strong><\/p>\n<blockquote>\n<p><span style=\"font-family: Albert Sans;\">&#8211; Copie d\u2019une pi\u00e8ce d\u2019identit\u00e9 en cours de validit\u00e9<\/span><\/p>\n<p><span style=\"font-family: Albert Sans;\">&#8211; 1 photo r\u00e9cente<\/span><\/p>\n<p><span style=\"font-family: Albert Sans;\">&#8211; Autorisation parentale pour les b\u00e9n\u00e9voles mineurs<\/span><\/p>\n<\/blockquote>\n<p>[\/et_pb_text][\/et_pb_column][\/et_pb_row][\/et_pb_section]<\/p>\n","protected":false},"excerpt":{"rendered":"<p>B\u00c9N\u00c9VOLAT L&rsquo;association recrute des b\u00e9n\u00e9voles tout au long de l&rsquo;ann\u00e9e. Si vous souhaitez accorder un peu de votre temps pour soutenir les enfants malades et vuln\u00e9rables, vous \u00eates les bienvenus !\u00a0 En devenant b\u00e9n\u00e9vole, vous avez la possibilit\u00e9 de partager des moments uniques avec des enfants lors des diff\u00e9rentes sorties. \u00catre b\u00e9n\u00e9vole Frankie, c&rsquo;est : [&hellip;]<\/p>\n","protected":false},"author":2,"featured_media":0,"parent":0,"menu_order":0,"comment_status":"closed","ping_status":"closed","template":"","meta":{"_et_pb_use_builder":"on","_et_pb_old_content":"","_et_gb_content_width":"","footnotes":""},"class_list":["post-4259","page","type-page","status-publish","hentry"],"jetpack_sharing_enabled":true,"_links":{"self":[{"href":"https:\/\/www.lesenfantsdefrankie.com\/en\/wp-json\/wp\/v2\/pages\/4259","targetHints":{"allow":["GET"]}}],"collection":[{"href":"https:\/\/www.lesenfantsdefrankie.com\/en\/wp-json\/wp\/v2\/pages"}],"about":[{"href":"https:\/\/www.lesenfantsdefrankie.com\/en\/wp-json\/wp\/v2\/types\/page"}],"author":[{"embeddable":true,"href":"https:\/\/www.lesenfantsdefrankie.com\/en\/wp-json\/wp\/v2\/users\/2"}],"replies":[{"embeddable":true,"href":"https:\/\/www.lesenfantsdefrankie.com\/en\/wp-json\/wp\/v2\/comments?post=4259"}],"version-history":[{"count":5,"href":"https:\/\/www.lesenfantsdefrankie.com\/en\/wp-json\/wp\/v2\/pages\/4259\/revisions"}],"predecessor-version":[{"id":7625,"href":"https:\/\/www.lesenfantsdefrankie.com\/en\/wp-json\/wp\/v2\/pages\/4259\/revisions\/7625"}],"wp:attachment":[{"href":"https:\/\/www.lesenfantsdefrankie.com\/en\/wp-json\/wp\/v2\/media?parent=4259"}],"curies":[{"name":"wp","href":"https:\/\/api.w.org\/{rel}","templated":true}]}}