{"id":4233,"date":"2021-05-03T15:44:47","date_gmt":"2021-05-03T13:44:47","guid":{"rendered":"https:\/\/www.lesenfantsdefrankie.com\/?page_id=4233"},"modified":"2025-07-23T14:23:18","modified_gmt":"2025-07-23T12:23:18","slug":"les-temps-forts","status":"publish","type":"page","link":"https:\/\/www.lesenfantsdefrankie.com\/en\/les-temps-forts\/","title":{"rendered":"Highligths"},"content":{"rendered":"<p>[et_pb_section fb_built=\u00a0\u00bb1&Prime; admin_label=\u00a0\u00bbMarket Information Section\u00a0\u00bb _builder_version=\u00a0\u00bb4.16&Prime; custom_padding=\u00a0\u00bb70px||70px|\u00a0\u00bb global_colors_info=\u00a0\u00bb{}\u00a0\u00bb][et_pb_row admin_label=\u00a0\u00bbMarket Information Title Area\u00a0\u00bb _builder_version=\u00a0\u00bb4.16&Prime; custom_margin=\u00a0\u00bb|auto||352px||\u00a0\u00bb custom_padding=\u00a0\u00bb|||\u00a0\u00bb global_colors_info=\u00a0\u00bb{}\u00a0\u00bb][et_pb_column type=\u00a0\u00bb4_4&Prime; _builder_version=\u00a0\u00bb4.16&Prime; custom_padding=\u00a0\u00bb|||\u00a0\u00bb global_colors_info=\u00a0\u00bb{}\u00a0\u00bb custom_padding__hover=\u00a0\u00bb|||\u00a0\u00bb][et_pb_text admin_label=\u00a0\u00bbTitle\u00a0\u00bb _builder_version=\u00a0\u00bb4.27.4&Prime; text_font=\u00a0\u00bb||||||||\u00a0\u00bb header_font=\u00a0\u00bb||||||||\u00a0\u00bb header_2_font=\u00a0\u00bbLato||||||||\u00a0\u00bb header_2_font_size=\u00a0\u00bb36px\u00a0\u00bb header_2_line_height=\u00a0\u00bb1.5em\u00a0\u00bb custom_padding=\u00a0\u00bb||0px|||\u00a0\u00bb animation_direction=\u00a0\u00bbleft\u00a0\u00bb text_text_shadow_style=\u00a0\u00bbpreset1&Prime; inline_fonts=\u00a0\u00bbAbril Fatface\u00a0\u00bb global_colors_info=\u00a0\u00bb{}\u00a0\u00bb]<\/p>\n<h1 id=\"title\" style=\"text-align: left;\"><span style=\"color: #e09900; font-family: Abril Fatface; font-weight: normal;\">LES TEMPS FORTS<\/span><\/h1>\n<p>[\/et_pb_text][et_pb_text admin_label=\u00a0\u00bbTitle\u00a0\u00bb _builder_version=\u00a0\u00bb4.27.4&Prime; text_font=\u00a0\u00bb&#8211;et_global_heading_font||||||||\u00a0\u00bb text_font_size=\u00a0\u00bb15px\u00a0\u00bb header_font=\u00a0\u00bb||||||||\u00a0\u00bb header_2_font=\u00a0\u00bbShort Stack||||||||\u00a0\u00bb header_2_text_color=\u00a0\u00bb#d94037&Prime; header_2_font_size=\u00a0\u00bb25px\u00a0\u00bb header_2_line_height=\u00a0\u00bb1.5em\u00a0\u00bb min_height=\u00a0\u00bb99.5px\u00a0\u00bb custom_padding=\u00a0\u00bb0px|||||\u00a0\u00bb animation_direction=\u00a0\u00bbleft\u00a0\u00bb inline_fonts=\u00a0\u00bbAbril Fatface,Alatsi,Alata\u00a0\u00bb global_colors_info=\u00a0\u00bb{}\u00a0\u00bb]<\/p>\n<h2 style=\"text-align: left;\"><span style=\"font-family: Alatsi; font-weight: normal; color: #0c71c3;\">RETROUVEZ LES MOMENTS PHARES DE L&rsquo;ASSOCIATION<\/span><\/h2>\n<p>[\/et_pb_text][\/et_pb_column][\/et_pb_row][et_pb_row column_structure=\u00a0\u00bb1_2,1_2&Prime; _builder_version=\u00a0\u00bb4.16&Prime; _module_preset=\u00a0\u00bbdefault\u00a0\u00bb global_colors_info=\u00a0\u00bb{}\u00a0\u00bb][et_pb_column type=\u00a0\u00bb1_2&Prime; _builder_version=\u00a0\u00bb4.16&Prime; _module_preset=\u00a0\u00bbdefault\u00a0\u00bb global_colors_info=\u00a0\u00bb{}\u00a0\u00bb][et_pb_image src=\u00a0\u00bbhttp:\/\/www.lesenfantsdefrankie.com\/wp-content\/uploads\/2021\/05\/ea1f53c7d0.jpg\u00a0\u00bb title_text=\u00a0\u00bbea1f53c7d0&Prime; align=\u00a0\u00bbcenter\u00a0\u00bb _builder_version=\u00a0\u00bb4.16&Prime; _module_preset=\u00a0\u00bbdefault\u00a0\u00bb z_index=\u00a0\u00bb0&Prime; width=\u00a0\u00bb38%\u00a0\u00bb module_alignment=\u00a0\u00bbcenter\u00a0\u00bb min_height=\u00a0\u00bb256.1px\u00a0\u00bb custom_padding=\u00a0\u00bb|0px||||\u00a0\u00bb animation_style=\u00a0\u00bbfold\u00a0\u00bb global_colors_info=\u00a0\u00bb{}\u00a0\u00bb][\/et_pb_image][et_pb_text admin_label=\u00a0\u00bbText\u00a0\u00bb _builder_version=\u00a0\u00bb4.27.4&Prime; text_font=\u00a0\u00bb||||||||\u00a0\u00bb text_font_size=\u00a0\u00bb15px\u00a0\u00bb text_line_height=\u00a0\u00bb1.8em\u00a0\u00bb header_font=\u00a0\u00bb||||||||\u00a0\u00bb custom_padding=\u00a0\u00bb||83px|||\u00a0\u00bb animation_style=\u00a0\u00bbflip\u00a0\u00bb animation_direction=\u00a0\u00bbleft\u00a0\u00bb animation_intensity_flip=\u00a0\u00bb20%\u00a0\u00bb animation_starting_opacity=\u00a0\u00bb100%\u00a0\u00bb locked=\u00a0\u00bboff\u00a0\u00bb inline_fonts=\u00a0\u00bbAbril Fatface\u00a0\u00bb global_colors_info=\u00a0\u00bb{}\u00a0\u00bb]<\/p>\n<h2 style=\"text-align: center;\"><span style=\"font-family: Abril Fatface;\">La Fontaine Universelle des Droits de <span style=\"color: #0c71c3; font-weight: normal;\">l\u2019Enfant<\/span><\/span><\/h2>\n<p style=\"text-align: center;\"><span style=\"color: #0c71c3; font-family: Albert Sans; font-weight: normal;\"><strong>Cette Fontaine fait partie de la collection des Biens du Palais Princier<\/strong><\/span><\/p>\n<p style=\"text-align: justify;\"><span style=\"color: #0c71c3; font-family: Albert Sans; font-weight: normal;\">L&rsquo;enfance, la premi\u00e8re \u00e9tape d&rsquo;une vie, poss\u00e8de son monument depuis le lundi 20 Novembre 2000, dans le parc paysager de Fontvieille \u00e0 Monaco.<\/span><br \/><span style=\"color: #0c71c3; font-family: Albert Sans; font-weight: normal;\">Une fontaine, inaugur\u00e9e par le S.A.S. le Prince Rainier III de Monaco dans le cadre de la II\u00e8me Journ\u00e9e des Droits de L&rsquo;Enfant.<\/span><br \/><span style=\"color: #0c71c3; font-family: Albert Sans; font-weight: normal;\">R\u00e9alis\u00e9e en marbre travertin par le sculpteur italien Franco Maschio, elle a \u00e9t\u00e9 offerte \u00e0 la Principaut\u00e9 de Monaco par l\u2019association\u00a0: \u00ab\u00a0Les Enfants de Frankie\u00a0\u00bb.<\/span><br \/><span style=\"color: #0c71c3; font-family: Albert Sans; font-weight: normal;\">Le personnage du clown est la m\u00e9taphore id\u00e9ale pour s&rsquo;adresser \u00e0 la fois aux enfants et aux adultes. Le clown est apolitique et ne fait aucune distinction entre les races et les religions.<\/span><br \/><span style=\"color: #0c71c3; font-family: Albert Sans; font-weight: normal;\">Ce clown est entour\u00e9 de cinq enfants, symbole des cinq continents. Quant \u00e0 l&rsquo;eau, elle demeure le signe de vie par excellence et sa fluidit\u00e9 conduit \u00e0 la plaque o\u00f9 sont grav\u00e9s les Droits de l&rsquo;Enfant sign\u00e9 par des acteurs de cin\u00e9ma, professionnels du monde sportif et des personnalit\u00e9s Internationales dont :<\/span><\/p>\n<p style=\"text-align: justify;\"><span style=\"color: #0c71c3; font-family: Albert Sans; font-weight: normal;\">Sherley Bassey, Michele Alboreto, Andrea Bocelli, Thierry Bousten, Ringo Starr, David Coulthard, Tasha de Vasconcello, Marc Duez, Virginio Ferrari, Jean-Michel Folon, Claudia Schiffer, Magnus Larsson, ou encore Umberto Tozzi, Kees Verkade, Jacques Ickx et Emilio Sanchez.<\/span><\/p>\n<p>&nbsp;<\/p>\n<p>[\/et_pb_text][\/et_pb_column][et_pb_column type=\u00a0\u00bb1_2&Prime; _builder_version=\u00a0\u00bb4.16&Prime; _module_preset=\u00a0\u00bbdefault\u00a0\u00bb global_colors_info=\u00a0\u00bb{}\u00a0\u00bb][et_pb_image src=\u00a0\u00bbhttp:\/\/www.lesenfantsdefrankie.com\/wp-content\/uploads\/2021\/05\/d43a0f388a.jpg\u00a0\u00bb title_text=\u00a0\u00bbd43a0f388a\u00a0\u00bb _builder_version=\u00a0\u00bb4.16&Prime; _module_preset=\u00a0\u00bbdefault\u00a0\u00bb width=\u00a0\u00bb70%\u00a0\u00bb module_alignment=\u00a0\u00bbcenter\u00a0\u00bb custom_margin=\u00a0\u00bb49px|||||\u00a0\u00bb custom_padding=\u00a0\u00bb||58px|||\u00a0\u00bb animation_style=\u00a0\u00bbfold\u00a0\u00bb global_colors_info=\u00a0\u00bb{}\u00a0\u00bb][\/et_pb_image][et_pb_text _builder_version=\u00a0\u00bb4.27.4&Prime; text_font=\u00a0\u00bb||||||||\u00a0\u00bb text_font_size=\u00a0\u00bb15px\u00a0\u00bb text_line_height=\u00a0\u00bb1.8em\u00a0\u00bb header_font=\u00a0\u00bb||||||||\u00a0\u00bb animation_style=\u00a0\u00bbflip\u00a0\u00bb animation_direction=\u00a0\u00bbleft\u00a0\u00bb animation_intensity_flip=\u00a0\u00bb20%\u00a0\u00bb animation_starting_opacity=\u00a0\u00bb100%\u00a0\u00bb locked=\u00a0\u00bboff\u00a0\u00bb inline_fonts=\u00a0\u00bbAlbert Sans\u00a0\u00bb global_colors_info=\u00a0\u00bb{}\u00a0\u00bb]<\/p>\n<h2 style=\"text-align: center;\"><span style=\"font-family: Abril Fatface; font-weight: normal;\">MISSION \u00ab\u00a0R\u00caVE\u00a0\u00bb<\/span><\/h2>\n<p><span style=\"font-family: Abril Fatface; font-weight: normal;\"><\/span><\/p>\n<p style=\"text-align: justify;\"><span style=\"color: #0c71c3; font-family: Albert Sans; font-weight: normal;\">Commenc\u00e9e en juin 2002 et termin\u00e9e en juin 2003, Mission R\u00eave nous a permis de r\u00e9aliser 56 r\u00eaves d\u2019enfants gravement malades des services p\u00e9diatriques des h\u00f4pitaux de l\u2019Archet II de Nice, de l\u2019h\u00f4pital d\u2019Antibes Juan les Pins et de l\u2019association SPESS AUSER d\u2019Italie.<\/span><\/p>\n<p style=\"text-align: justify;\"><span style=\"color: #0c71c3; font-family: Albert Sans; font-weight: normal;\">Parrain\u00e9es par S.A.S. le Prince Rainier III,\u00a0 S.A.S. le Prince Albert II, par de grandes vedettes du sport et de la chanson tels que Micka\u00ebl Schumaker, Luca Laurenti, Fabien Bartez, Zinedine Zidane, et par les membres de notre association : les 56 r\u00eaves ont \u00e9t\u00e9 r\u00e9alis\u00e9s en un an.<\/span><\/p>\n<p style=\"text-align: justify;\"><span style=\"color: #0c71c3; font-family: Albert Sans; font-weight: normal;\">Le 5 juin 2003, devant une salle comble et en pr\u00e9sence de S.A.S. le Prince Albert II de Monaco et de tous les parrains et enfants, nous avons pu finaliser la r\u00e9alisation de tous ces r\u00eaves\u2026.<\/span><\/p>\n<p>[\/et_pb_text][\/et_pb_column][\/et_pb_row][et_pb_row column_structure=\u00a0\u00bb1_2,1_2&Prime; _builder_version=\u00a0\u00bb4.16&Prime; _module_preset=\u00a0\u00bbdefault\u00a0\u00bb min_height=\u00a0\u00bb868px\u00a0\u00bb custom_padding=\u00a0\u00bb||0px|||\u00a0\u00bb global_colors_info=\u00a0\u00bb{}\u00a0\u00bb][et_pb_column type=\u00a0\u00bb1_2&Prime; _builder_version=\u00a0\u00bb4.16&Prime; _module_preset=\u00a0\u00bbdefault\u00a0\u00bb global_colors_info=\u00a0\u00bb{}\u00a0\u00bb][et_pb_image src=\u00a0\u00bbhttp:\/\/www.lesenfantsdefrankie.com\/wp-content\/uploads\/2021\/05\/2ab4314c20.png\u00a0\u00bb title_text=\u00a0\u00bb2ab4314c20&Prime; _builder_version=\u00a0\u00bb4.16&Prime; _module_preset=\u00a0\u00bbdefault\u00a0\u00bb z_index=\u00a0\u00bb0&Prime; width=\u00a0\u00bb100%\u00a0\u00bb module_alignment=\u00a0\u00bbcenter\u00a0\u00bb custom_padding=\u00a0\u00bb||67px|||\u00a0\u00bb animation_style=\u00a0\u00bbfold\u00a0\u00bb global_colors_info=\u00a0\u00bb{}\u00a0\u00bb][\/et_pb_image][et_pb_text admin_label=\u00a0\u00bbText\u00a0\u00bb _builder_version=\u00a0\u00bb4.27.4&Prime; text_font=\u00a0\u00bb||||||||\u00a0\u00bb text_font_size=\u00a0\u00bb15px\u00a0\u00bb text_line_height=\u00a0\u00bb1.8em\u00a0\u00bb header_font=\u00a0\u00bb||||||||\u00a0\u00bb animation_style=\u00a0\u00bbflip\u00a0\u00bb animation_direction=\u00a0\u00bbleft\u00a0\u00bb animation_intensity_flip=\u00a0\u00bb20%\u00a0\u00bb animation_starting_opacity=\u00a0\u00bb100%\u00a0\u00bb locked=\u00a0\u00bboff\u00a0\u00bb inline_fonts=\u00a0\u00bbAbril Fatface\u00a0\u00bb global_colors_info=\u00a0\u00bb{}\u00a0\u00bb]<\/p>\n<h1 style=\"text-align: center;\"><span style=\"font-family: Abril Fatface; font-weight: normal; color: #0c71c3;\">\u00ab\u00a0L\u2019Etoile de Frankie\u00a0\u00bb<\/span><\/h1>\n<p style=\"text-align: center;\"><span style=\"font-family: Albert Sans; font-weight: normal; color: #0c71c3;\">L\u2019histoire de la petite \u00e9toile<\/span><\/p>\n<p style=\"text-align: justify;\"><span style=\"font-family: Albert Sans; font-weight: normal; color: #0c71c3;\">C\u2019est avec une immense joie que Trau Bros \u2013 Scintilla Monaco, Sightholder depuis 1947 de la c\u00e9l\u00e8bre <i>Diamond Trading Company<\/i>, prend part \u00e0 la vie associative de notre Principaut\u00e9 en soutenant le fabuleux projet de l\u2019association \u00ab\u00a0Les enfants de Frankie\u00e9, par la donation d\u2019un collier unique en diamants \u00e0 motif de douze \u00e9toiles.<\/span><o:p><\/o:p><\/p>\n<p style=\"text-align: justify;\"><span style=\"font-family: Albert Sans; font-weight: normal; color: #0c71c3;\">Douze \u00e9toiles en diamants ont parcouru notre plan\u00e8te \u00e0 la rencontre de 12 Ambassadrices et le don de soi pour aider les enfants en souffrance:<\/span><\/p>\n<p style=\"text-align: justify;\"><span style=\"font-family: Albert Sans; font-weight: normal; color: #0c71c3;\">Monaco, Mozambique<b>, <\/b>Gabon, Belgrade, Prague, Rabat, Naples,<b> <\/b>Princeton, Tel-Aviv, Londres, Paris, puis de retour \u00e0 Monaco. <\/span><o:p><\/o:p><\/p>\n<p class=\"bodytext\" align=\"justify\" style=\"text-align: justify;\"><span style=\"font-family: Albert Sans; font-weight: normal; color: #0c71c3;\">Lors de ce voyage les diamants furent port\u00e9s par chacune des Ambassadrices d\u2019exception qui ont men\u00e9 des projets pour les Enfants de leurs pays respectifs. Le retour en Principaut\u00e9, de la \u00ab\u00a0petite \u00e9toile\u00a0\u00bb lors d\u2019une belle soir\u00e9e de Gala, le 6 d\u00e9cembre 2007, a cl\u00f4tur\u00e9 ce g\u00e9n\u00e9reux parcours d\u2019une ann\u00e9e.<\/span><\/p>\n<p class=\"bodytext\" align=\"justify\" style=\"text-align: justify;\"><span style=\"font-family: Albert Sans; font-weight: normal; color: #0c71c3;\">C\u2019est lors de cette soir\u00e9e que, la \u00ab\u00a0petite \u00e9toile\u00a0\u00bb en diamants, investie des missions qu\u2019elle a symbolis\u00e9 gr\u00e2ce \u00e0 chacune des douze Ambassadrices, a \u00e9t\u00e9 transform\u00e9 en un collier majestueux et unique, \u00e0 la forme \u00e9vocatrice de la Principaut\u00e9 qui lui a donn\u00e9 vie.<\/span><\/p>\n<p>&nbsp;<\/p>\n<p>&nbsp;<\/p>\n<p>[\/et_pb_text][\/et_pb_column][et_pb_column type=\u00a0\u00bb1_2&Prime; _builder_version=\u00a0\u00bb4.16&Prime; _module_preset=\u00a0\u00bbdefault\u00a0\u00bb global_colors_info=\u00a0\u00bb{}\u00a0\u00bb][et_pb_image src=\u00a0\u00bbhttp:\/\/www.lesenfantsdefrankie.com\/wp-content\/uploads\/2021\/05\/efe31e8fc4.png\u00a0\u00bb title_text=\u00a0\u00bbefe31e8fc4&Prime; _builder_version=\u00a0\u00bb4.16&Prime; _module_preset=\u00a0\u00bbdefault\u00a0\u00bb width=\u00a0\u00bb100%\u00a0\u00bb module_alignment=\u00a0\u00bbcenter\u00a0\u00bb custom_margin=\u00a0\u00bb||83px|||\u00a0\u00bb animation_style=\u00a0\u00bbfold\u00a0\u00bb global_colors_info=\u00a0\u00bb{}\u00a0\u00bb][\/et_pb_image][et_pb_text _builder_version=\u00a0\u00bb4.27.4&Prime; text_font=\u00a0\u00bb||||||||\u00a0\u00bb text_font_size=\u00a0\u00bb15px\u00a0\u00bb text_line_height=\u00a0\u00bb1.8em\u00a0\u00bb header_font=\u00a0\u00bb||||||||\u00a0\u00bb min_height=\u00a0\u00bb933.2px\u00a0\u00bb custom_padding=\u00a0\u00bb8px||0px|||\u00a0\u00bb animation_style=\u00a0\u00bbflip\u00a0\u00bb animation_direction=\u00a0\u00bbleft\u00a0\u00bb animation_intensity_flip=\u00a0\u00bb20%\u00a0\u00bb animation_starting_opacity=\u00a0\u00bb100%\u00a0\u00bb locked=\u00a0\u00bboff\u00a0\u00bb inline_fonts=\u00a0\u00bbAlbert Sans\u00a0\u00bb global_colors_info=\u00a0\u00bb{}\u00a0\u00bb]<\/p>\n<h1 style=\"text-align: center;\"><span style=\"font-family: Abril Fatface; font-weight: normal;\">Frankie et The WeelChair Foundation<\/span><\/h1>\n<p class=\"bodytext\" align=\"justify\" style=\"text-align: justify;\"><span style=\"font-family: Albert Sans; font-weight: normal; color: #0c71c3;\">En 2005, Frankie et son \u00e9quipe ont collabor\u00e9 avec la Fondation d\u2019Outre-Atlantique \u00ab The WeelChair Foundation \u00bb pour une action unique.<\/span><\/p>\n<p class=\"bodytext\" align=\"justify\" style=\"text-align: justify;\"><span style=\"font-family: Albert Sans; font-weight: normal; color: #0c71c3;\">Dans le but d\u2019am\u00e9liorer le quotidien de personnes porteurs de handicap, les deux associations ont remis 560 Fauteuils Roulants \u00e0 des \u00e9tablissements hospitaliers et diff\u00e9rentes associations de Monaco et de la r\u00e9gion PACA :<\/span><\/p>\n<p><span style=\"font-family: Albert Sans; font-weight: normal; color: #0c71c3;\">&#8211; Le 10 Octobre 2005, lors de la c\u00e9r\u00e9monie officielle et en pr\u00e9sence de S.A.S. Le Prince Albert II, 35 premiers fauteuils roulants ont \u00e9t\u00e9 remis place du Palais \u00e0 Monaco. Ces premiers fauteuils ont \u00e9t\u00e9 offerts \u00e0 des Associations Mon\u00e9gasques et au \u00ab Centre Hospitalier Princesse Grace \u00bb.<\/span><\/p>\n<p><span style=\"font-family: Albert Sans; font-weight: normal; color: #0c71c3;\">&#8211; Le 23 Novembre, 400 si\u00e8ges roulants ont \u00e9t\u00e9 attribu\u00e9s au \u00ab Centre Hospitalier Universitaire de Nice \u00bb qui les a repartis dans cinq H\u00f4pitaux de la r\u00e9gion.<\/span><\/p>\n<p><span style=\"font-family: Albert Sans; font-weight: normal; color: #0c71c3;\"><\/span><span style=\"font-family: Albert Sans; font-weight: normal; color: #0c71c3;\">&#8211; <\/span><span style=\"font-family: Albert Sans; font-weight: normal; color: #0c71c3;\">Et les 125 derniers fauteuils roulants ont \u00e9t\u00e9 offerts \u00e0 des Instituts M\u00e9dico \u00c9ducatifs de la r\u00e9gion.<\/span><\/p>\n<p><span style=\"font-family: Albert Sans; font-weight: normal; color: #0c71c3;\"><\/span><span style=\"font-family: Albert Sans; font-weight: normal; color: #0c71c3;\">Cette action d\u2019envergure \u00e0 permis d\u2019am\u00e9liorer la prise en charge des jeunes patients de ces milieux Hospitaliers et d\u2019am\u00e9liorer la mobilit\u00e9 de nombreux Enfants.<\/span><\/p>\n<blockquote>\n<p><span style=\"font-family: Albert Sans; font-weight: normal; color: #0c71c3;\"><\/span><\/p>\n<p><span style=\"font-family: Albert Sans; font-weight: normal; color: #0c71c3;\"><\/span><\/p>\n<p><span style=\"font-family: Albert Sans; font-weight: normal; color: #0c71c3;\"><\/span><\/p>\n<\/blockquote>\n<p>[\/et_pb_text][\/et_pb_column][\/et_pb_row][\/et_pb_section]<\/p>\n","protected":false},"excerpt":{"rendered":"<p>LES TEMPS FORTSRETROUVEZ LES MOMENTS PHARES DE L&rsquo;ASSOCIATIONLa Fontaine Universelle des Droits de l\u2019Enfant Cette Fontaine fait partie de la collection des Biens du Palais Princier L&rsquo;enfance, la premi\u00e8re \u00e9tape d&rsquo;une vie, poss\u00e8de son monument depuis le lundi 20 Novembre 2000, dans le parc paysager de Fontvieille \u00e0 Monaco.Une fontaine, inaugur\u00e9e par le S.A.S. le [&hellip;]<\/p>\n","protected":false},"author":2,"featured_media":0,"parent":0,"menu_order":0,"comment_status":"closed","ping_status":"closed","template":"","meta":{"_et_pb_use_builder":"on","_et_pb_old_content":"","_et_gb_content_width":"","footnotes":""},"class_list":["post-4233","page","type-page","status-publish","hentry"],"jetpack_sharing_enabled":true,"_links":{"self":[{"href":"https:\/\/www.lesenfantsdefrankie.com\/en\/wp-json\/wp\/v2\/pages\/4233","targetHints":{"allow":["GET"]}}],"collection":[{"href":"https:\/\/www.lesenfantsdefrankie.com\/en\/wp-json\/wp\/v2\/pages"}],"about":[{"href":"https:\/\/www.lesenfantsdefrankie.com\/en\/wp-json\/wp\/v2\/types\/page"}],"author":[{"embeddable":true,"href":"https:\/\/www.lesenfantsdefrankie.com\/en\/wp-json\/wp\/v2\/users\/2"}],"replies":[{"embeddable":true,"href":"https:\/\/www.lesenfantsdefrankie.com\/en\/wp-json\/wp\/v2\/comments?post=4233"}],"version-history":[{"count":5,"href":"https:\/\/www.lesenfantsdefrankie.com\/en\/wp-json\/wp\/v2\/pages\/4233\/revisions"}],"predecessor-version":[{"id":7544,"href":"https:\/\/www.lesenfantsdefrankie.com\/en\/wp-json\/wp\/v2\/pages\/4233\/revisions\/7544"}],"wp:attachment":[{"href":"https:\/\/www.lesenfantsdefrankie.com\/en\/wp-json\/wp\/v2\/media?parent=4233"}],"curies":[{"name":"wp","href":"https:\/\/api.w.org\/{rel}","templated":true}]}}