{"id":4205,"date":"2021-05-03T15:22:54","date_gmt":"2021-05-03T13:22:54","guid":{"rendered":"https:\/\/www.lesenfantsdefrankie.com\/?page_id=4205"},"modified":"2025-07-24T11:48:48","modified_gmt":"2025-07-24T09:48:48","slug":"presentation","status":"publish","type":"page","link":"https:\/\/www.lesenfantsdefrankie.com\/en\/presentation\/","title":{"rendered":"Presentation"},"content":{"rendered":"<p>[et_pb_section fb_built=\u00a0\u00bb1&Prime; admin_label=\u00a0\u00bbMarket Information Section\u00a0\u00bb _builder_version=\u00a0\u00bb4.16&Prime; custom_padding=\u00a0\u00bb70px||70px|\u00a0\u00bb global_colors_info=\u00a0\u00bb{}\u00a0\u00bb][et_pb_row admin_label=\u00a0\u00bbMarket Information Title Area\u00a0\u00bb _builder_version=\u00a0\u00bb4.16&Prime; custom_padding=\u00a0\u00bb|||\u00a0\u00bb global_colors_info=\u00a0\u00bb{}\u00a0\u00bb][et_pb_column type=\u00a0\u00bb4_4&Prime; _builder_version=\u00a0\u00bb4.16&Prime; custom_padding=\u00a0\u00bb|||\u00a0\u00bb global_colors_info=\u00a0\u00bb{}\u00a0\u00bb custom_padding__hover=\u00a0\u00bb|||\u00a0\u00bb][et_pb_image src=\u00a0\u00bbhttps:\/\/www.lesenfantsdefrankie.com\/wp-content\/uploads\/2025\/07\/Titre-LEDF-et-asso-vecto-pdf.jpg\u00a0\u00bb title_text=\u00a0\u00bbTitre LEDF et asso vecto\u00a0\u00bb _builder_version=\u00a0\u00bb4.27.4&Prime; _module_preset=\u00a0\u00bbdefault\u00a0\u00bb global_colors_info=\u00a0\u00bb{}\u00a0\u00bb][\/et_pb_image][et_pb_text _builder_version=\u00a0\u00bb4.27.4&Prime; _module_preset=\u00a0\u00bbdefault\u00a0\u00bb min_height=\u00a0\u00bb30.8px\u00a0\u00bb custom_padding=\u00a0\u00bb0px|||||\u00a0\u00bb inline_fonts=\u00a0\u00bbAbril Fatface\u00a0\u00bb global_colors_info=\u00a0\u00bb{}\u00a0\u00bb]<\/p>\n<p><span style=\"font-family: Abril Fatface; font-size: large; color: #e09900;\">Sous la pr\u00e9sidence d&rsquo;Honneur de S.A.S. Le Prince Albert II<\/span><\/p>\n<p>[\/et_pb_text][et_pb_text _builder_version=\u00a0\u00bb4.27.4&Prime; text_font=\u00a0\u00bb||||||||\u00a0\u00bb text_line_height=\u00a0\u00bb1.8em\u00a0\u00bb header_font=\u00a0\u00bb||||||||\u00a0\u00bb min_height=\u00a0\u00bb320px\u00a0\u00bb animation_style=\u00a0\u00bbflip\u00a0\u00bb animation_direction=\u00a0\u00bbleft\u00a0\u00bb animation_intensity_flip=\u00a0\u00bb20%\u00a0\u00bb animation_starting_opacity=\u00a0\u00bb100%\u00a0\u00bb locked=\u00a0\u00bboff\u00a0\u00bb inline_fonts=\u00a0\u00bbAlbert Sans\u00a0\u00bb global_colors_info=\u00a0\u00bb{}\u00a0\u00bb]<\/p>\n<p style=\"font-weight: 400;\"><span style=\"color: #0c71c3; font-family: Albert Sans;\">L\u2019association les enfants de Frankie \u0153uvre depuis 1997 au bien-\u00eatre des enfants malades, porteurs de handicap ou vuln\u00e9rables \u00e2g\u00e9s de 0 \u00e0 17 ans r\u00e9volus de Monaco et France.<\/span><\/p>\n<p style=\"font-weight: 400;\"><span style=\"color: #0c71c3; font-family: Albert Sans;\">160 000 enfants ont b\u00e9n\u00e9fici\u00e9 d\u2019activit\u00e9s et de projets financ\u00e9s.<\/span><\/p>\n<p style=\"font-weight: 400;\"><span style=\"color: #0c71c3; font-family: Albert Sans;\">Elle grandit \u00e0 Monaco gr\u00e2ce \u00e0 Mme Francien GIRAUDI, Pr\u00e9sidente Fondatrice et B\u00e9n\u00e9vole, ainsi qu\u2019au soutien de la Famille Princi\u00e8re. <\/span><\/p>\n<p style=\"font-weight: 400;\"><span style=\"color: #0c71c3; font-family: Albert Sans;\">Depuis le 10 Novembre 2023, l&rsquo;association est plac\u00e9e sous la Pr\u00e9sidence d&rsquo;Honneur de S.A.S. le Prince Souverain.<\/span><\/p>\n<p style=\"font-weight: 400;\"><span style=\"color: #0c71c3; font-family: Albert Sans;\">L\u2019association est dot\u00e9e du statut consultatif aupr\u00e8s du Conseil \u00c9conomique et Social des Nations Unies depuis 2008.<\/span><\/p>\n<p style=\"font-weight: 400;\"><span style=\"color: #0c71c3; font-family: Albert Sans;\">Elle travaille en collaboration avec plus de 215 organismes tels que les \u00e9tablissements sanitaires, m\u00e9dico-sociaux, et relevant de l&rsquo;aide sociale \u00e0 l&rsquo;enfance.<\/span><\/p>\n<p style=\"font-weight: 400;\"><span style=\"color: #0c71c3; font-family: Albert Sans;\">Son principal objectif, rendre possible l\u2019\u00e9panouissement d\u2019enfants en difficult\u00e9. Chaque mois de nombreux enfants participent aux sorties et ateliers organis\u00e9s par l\u2019Association sur Monaco et la r\u00e9gion PACA.\u00a0<\/span><\/p>\n<p style=\"font-weight: 400;\"><span style=\"color: #0c71c3; font-family: Albert Sans;\">Une fois par an, elle invite des milliers d\u2019enfants autour du \u00ab No\u00ebl de Frankie \u00bb pour un show cr\u00e9\u00e9 sur mesure avec la participation du clown mascotte \u00ab Frankie \u00bb et une distribution de cadeaux de No\u00ebl et go\u00fbters pour tous.<\/span><\/p>\n<p style=\"font-weight: 400;\">\n<p>[\/et_pb_text][et_pb_text _builder_version=\u00a0\u00bb4.27.4&Prime; text_font=\u00a0\u00bb||||||||\u00a0\u00bb text_line_height=\u00a0\u00bb1.8em\u00a0\u00bb header_font=\u00a0\u00bb||||||||\u00a0\u00bb animation_style=\u00a0\u00bbflip\u00a0\u00bb animation_direction=\u00a0\u00bbleft\u00a0\u00bb animation_intensity_flip=\u00a0\u00bb20%\u00a0\u00bb animation_starting_opacity=\u00a0\u00bb100%\u00a0\u00bb locked=\u00a0\u00bboff\u00a0\u00bb inline_fonts=\u00a0\u00bbAlbert Sans\u00a0\u00bb global_colors_info=\u00a0\u00bb{}\u00a0\u00bb][\/et_pb_text][\/et_pb_column][\/et_pb_row][\/et_pb_section][et_pb_section fb_built=\u00a0\u00bb1&Prime; _builder_version=\u00a0\u00bb4.23.1&Prime; _module_preset=\u00a0\u00bbdefault\u00a0\u00bb min_height=\u00a0\u00bb580px\u00a0\u00bb global_colors_info=\u00a0\u00bb{}\u00a0\u00bb][et_pb_row column_structure=\u00a0\u00bb1_3,1_3,1_3&Prime; _builder_version=\u00a0\u00bb4.23.1&Prime; _module_preset=\u00a0\u00bbdefault\u00a0\u00bb global_colors_info=\u00a0\u00bb{}\u00a0\u00bb][et_pb_column type=\u00a0\u00bb1_3&Prime; _builder_version=\u00a0\u00bb4.23.1&Prime; _module_preset=\u00a0\u00bbdefault\u00a0\u00bb global_colors_info=\u00a0\u00bb{}\u00a0\u00bb][et_pb_image src=\u00a0\u00bbhttps:\/\/www.lesenfantsdefrankie.com\/wp-content\/uploads\/2024\/03\/A-MEETRE-OU-ON-VEUT.jpg\u00a0\u00bb title_text=\u00a0\u00bbA MEETRE OU ON VEUT\u00a0\u00bb _builder_version=\u00a0\u00bb4.25.0&Prime; _module_preset=\u00a0\u00bbdefault\u00a0\u00bb width=\u00a0\u00bb93%\u00a0\u00bb max_width=\u00a0\u00bb97%\u00a0\u00bb min_height=\u00a0\u00bb362px\u00a0\u00bb height=\u00a0\u00bb387px\u00a0\u00bb border_color_all=\u00a0\u00bb#E02B20&Prime; box_shadow_style=\u00a0\u00bbpreset5&Prime; box_shadow_color=\u00a0\u00bb#0C71C3&Prime; global_colors_info=\u00a0\u00bb{}\u00a0\u00bb][\/et_pb_image][\/et_pb_column][et_pb_column type=\u00a0\u00bb1_3&Prime; _builder_version=\u00a0\u00bb4.23.1&Prime; _module_preset=\u00a0\u00bbdefault\u00a0\u00bb global_colors_info=\u00a0\u00bb{}\u00a0\u00bb][et_pb_image src=\u00a0\u00bbhttps:\/\/www.lesenfantsdefrankie.com\/wp-content\/uploads\/2024\/03\/EF8F563A-DAB0-4D2D-9DFA-2B53302C8C2E_1_105_c.jpeg\u00a0\u00bb title_text=\u00a0\u00bbEF8F563A-DAB0-4D2D-9DFA-2B53302C8C2E_1_105_c\u00a0\u00bb _builder_version=\u00a0\u00bb4.25.0&Prime; _module_preset=\u00a0\u00bbdefault\u00a0\u00bb custom_padding=\u00a0\u00bb||28px|||\u00a0\u00bb border_color_all=\u00a0\u00bb#E02B20&Prime; box_shadow_style=\u00a0\u00bbpreset5&Prime; box_shadow_color=\u00a0\u00bb#EDF000&Prime; global_colors_info=\u00a0\u00bb{}\u00a0\u00bb][\/et_pb_image][\/et_pb_column][et_pb_column type=\u00a0\u00bb1_3&Prime; _builder_version=\u00a0\u00bb4.23.1&Prime; _module_preset=\u00a0\u00bbdefault\u00a0\u00bb global_colors_info=\u00a0\u00bb{}\u00a0\u00bb][et_pb_image src=\u00a0\u00bbhttps:\/\/www.lesenfantsdefrankie.com\/wp-content\/uploads\/2024\/03\/Photo-Frankie-et-les-enfants-1-scaled.jpg\u00a0\u00bb title_text=\u00a0\u00bbPhoto Frankie et les enfants 1&Prime; _builder_version=\u00a0\u00bb4.25.0&Prime; _module_preset=\u00a0\u00bbdefault\u00a0\u00bb min_height=\u00a0\u00bb210.3px\u00a0\u00bb custom_margin=\u00a0\u00bb||-42px|||\u00a0\u00bb border_color_all=\u00a0\u00bb#E02B20&Prime; box_shadow_style=\u00a0\u00bbpreset5&Prime; box_shadow_color=\u00a0\u00bb#E09900&Prime; global_colors_info=\u00a0\u00bb{}\u00a0\u00bb][\/et_pb_image][\/et_pb_column][\/et_pb_row][\/et_pb_section]<\/p>\n","protected":false},"excerpt":{"rendered":"<p>Sous la pr\u00e9sidence d&rsquo;Honneur de S.A.S. Le Prince Albert IIL\u2019association les enfants de Frankie \u0153uvre depuis 1997 au bien-\u00eatre des enfants malades, porteurs de handicap ou vuln\u00e9rables \u00e2g\u00e9s de 0 \u00e0 17 ans r\u00e9volus de Monaco et France. 160 000 enfants ont b\u00e9n\u00e9fici\u00e9 d\u2019activit\u00e9s et de projets financ\u00e9s. Elle grandit \u00e0 Monaco gr\u00e2ce \u00e0 Mme [&hellip;]<\/p>\n","protected":false},"author":2,"featured_media":0,"parent":0,"menu_order":0,"comment_status":"closed","ping_status":"closed","template":"","meta":{"_et_pb_use_builder":"on","_et_pb_old_content":"","_et_gb_content_width":"","footnotes":""},"class_list":["post-4205","page","type-page","status-publish","hentry"],"jetpack_sharing_enabled":true,"_links":{"self":[{"href":"https:\/\/www.lesenfantsdefrankie.com\/en\/wp-json\/wp\/v2\/pages\/4205","targetHints":{"allow":["GET"]}}],"collection":[{"href":"https:\/\/www.lesenfantsdefrankie.com\/en\/wp-json\/wp\/v2\/pages"}],"about":[{"href":"https:\/\/www.lesenfantsdefrankie.com\/en\/wp-json\/wp\/v2\/types\/page"}],"author":[{"embeddable":true,"href":"https:\/\/www.lesenfantsdefrankie.com\/en\/wp-json\/wp\/v2\/users\/2"}],"replies":[{"embeddable":true,"href":"https:\/\/www.lesenfantsdefrankie.com\/en\/wp-json\/wp\/v2\/comments?post=4205"}],"version-history":[{"count":5,"href":"https:\/\/www.lesenfantsdefrankie.com\/en\/wp-json\/wp\/v2\/pages\/4205\/revisions"}],"predecessor-version":[{"id":7576,"href":"https:\/\/www.lesenfantsdefrankie.com\/en\/wp-json\/wp\/v2\/pages\/4205\/revisions\/7576"}],"wp:attachment":[{"href":"https:\/\/www.lesenfantsdefrankie.com\/en\/wp-json\/wp\/v2\/media?parent=4205"}],"curies":[{"name":"wp","href":"https:\/\/api.w.org\/{rel}","templated":true}]}}