{"id":3,"date":"2021-04-27T14:42:37","date_gmt":"2021-04-27T12:42:37","guid":{"rendered":"http:\/\/www.lesenfantsdefrankie.com\/?page_id=3"},"modified":"2021-06-18T10:57:05","modified_gmt":"2021-06-18T08:57:05","slug":"politique-de-confidentialite","status":"publish","type":"page","link":"https:\/\/www.lesenfantsdefrankie.com\/en\/politique-de-confidentialite\/","title":{"rendered":"Politique de confidentialit\u00e9"},"content":{"rendered":"<p>Le site lesenfantsdefrankie.com appartient \u00e0 l\u2019association LES ENFANTS DE FRANKIE MONACO. Tout le contenu du site lesenfantsdefrankie.com, les graphismes, images, textes, logos, gifs et ic\u00f4nes ainsi que leur mise en forme sont la propri\u00e9t\u00e9 exclusive de LES ENFANTS DE FRANKIE MONACO \u00e0 l&rsquo;exception des marques, logos ou contenus appartenant \u00e0 d&rsquo;autres soci\u00e9t\u00e9s partenaires ou auteurs. Toute reproduction, distribution, modification, retransmission ou publication de ces diff\u00e9rents \u00e9l\u00e9ments est strictement interdite sans l&rsquo;accord expr\u00e8s par \u00e9crit de l\u2019association LES ENFANTS DE FRANKIE MONACO.<\/p>\r\n<p>LES ENFANTS DE FRANKIE MONACO<\/p>\r\n<p>20 bd Rainier III<\/p>\r\n<p>98000 Monaco<\/p>\r\n<p>Principaut\u00e9 de Monaco<\/p>\r\n<p>T\u00e9l. : +377 93 30 08 00<\/p>\r\n<p>Email : frankie@monaco.mc<\/p>\r\n<p>&nbsp;<\/p>\r\n<p>LIENS HYPERTEXTES<\/p>\r\n<p>Les liens vers ce site et en direction d&rsquo;autres sites doivent faire l&rsquo;objet d&rsquo;une autorisation pr\u00e9alable de la part de LES ENFANTS DE FRANKIE MONACO. Le site peut fournir \u00e0 l&rsquo;utilisateur, ainsi que des tiers, des liens vers d&rsquo;autres sites ou d&rsquo;autres sources Internet. LES ENFANTS DE FRANKIE MONACO ne contr\u00f4le pas ces sites et ne pourrait \u00eatre tenu responsable, ni supporter aucune responsabilit\u00e9 quant au contenu, publicit\u00e9, produits, services ou tout autre mat\u00e9riel disponible \u00e0 partir de ces sites tiers. LES ENFANTS DE FRANKIE MONACO ne pourrait \u00eatre tenu responsable de tous dommages ou pertes av\u00e9r\u00e9s ou all\u00e9gu\u00e9s cons\u00e9cutifs ou en relation avec l&rsquo;utilisation ou avec le fait d&rsquo;avoir fait confiance au contenu des sites tiers ou aux biens et services disponibles sur ces sites tiers. L&rsquo;utilisateur est responsable et supporte tous les risques aff\u00e9rents \u00e0 l&rsquo;utilisation qu&rsquo;il fait du contenu du site, notamment lorsqu&rsquo;il se fie \u00e0 l&rsquo;opportunit\u00e9, l&rsquo;utilit\u00e9 ou le caract\u00e8re complet de ce contenu. Si un lien amenait l&rsquo;utilisateur \u00e0 pointer vers des contenus illicites, en infraction avec la l\u00e9gislation en vigueur, l&rsquo;utilisateur devrait alors interrompre sa consultation du site concern\u00e9, sauf \u00e0 encourir les sanctions pr\u00e9vues par ladite l\u00e9gislation et \u00e0 r\u00e9pondre des actions en justice initi\u00e9es \u00e0 son encontre. LES ENFANTS DE FRANKIE MONACO invite dans ce cas l&rsquo;utilisateur \u00e0 l\u2019en informer imm\u00e9diatement ainsi que les autorit\u00e9s comp\u00e9tentes, du lien automatique vers un site illicite.<\/p>\r\n<p>PROTECTION DES DONNEES PERSONNELLES<\/p>\r\n<p>LES ENFANTS DE FRANKIE MONACO s&rsquo;engage \u00e0 pr\u00e9server la confidentialit\u00e9 des informations \u00e0 caract\u00e8re personnel \u00e9ventuellement fournies en ligne par les internautes. Toute information personnelle que les internautes seraient amen\u00e9s \u00e0 transmettre \u00e0 LES ENFANTS DE FRANKIE MONACO pour l&rsquo;utilisation de certains services est soumise aux dispositions de la Loi n\u00b01.165 du 23\/12\/1993 relative \u00e0 la protection des informations nominatives. Les informations qui concernent les internautes sont exclusivement destin\u00e9es \u00e0 LES ENFANTS DE FRANKIE MONACO. Les internautes disposent d&rsquo;un droit d&rsquo;acc\u00e8s, de modification et de suppression de ces donn\u00e9es. Pour l&rsquo;exercer, s\u2019adresser \u00e0 : frankie@monaco.mc<\/p>\r\n<p>Avertissements<\/p>\r\n<p>Malgr\u00e9 tout le soin apport\u00e9 \u00e0 la r\u00e9daction de ce site en vue de garantir l&rsquo;exactitude des informations et malgr\u00e9 une mise \u00e0 jour r\u00e9guli\u00e8re, des erreurs accidentelles ne peuvent \u00eatre totalement exclues.<\/p>\r\n<p>Les informations disponibles sur le site sont susceptibles d&rsquo;\u00eatre modifi\u00e9s \u00e0 tout moment, et peuvent avoir fait l&rsquo;objet d&rsquo;une mise \u00e0 jour. En particulier, elles peuvent avoir fait l&rsquo;objet d&rsquo;une mise \u00e0 jour entre le moment de leur t\u00e9l\u00e9chargement et celui o\u00f9 l&rsquo;utilisateur en prend connaissance.<\/p>\r\n<p>LES ENFANTS DE FRANKIE MONACO se r\u00e9serve le droit, \u00e0 tout moment, de modifier, interrompre temporairement ou de mani\u00e8re d\u00e9finitive tout ou partie de ce site, et ce sans avoir \u00e0 informer pr\u00e9alablement l&rsquo;utilisateur. Aucune responsabilit\u00e9 de ce fait n\u2019est encourue par LES ENFANTS DE FRANKIE MONACO.<\/p>","protected":false},"excerpt":{"rendered":"<p>Le site lesenfantsdefrankie.com appartient \u00e0 l\u2019association LES ENFANTS DE FRANKIE MONACO. Tout le contenu du site lesenfantsdefrankie.com, les graphismes, images, textes, logos, gifs et ic\u00f4nes ainsi que leur mise en forme sont la propri\u00e9t\u00e9 exclusive de LES ENFANTS DE FRANKIE MONACO \u00e0 l&rsquo;exception des marques, logos ou contenus appartenant \u00e0 d&rsquo;autres soci\u00e9t\u00e9s partenaires ou auteurs. [&hellip;]<\/p>\n","protected":false},"author":2,"featured_media":0,"parent":0,"menu_order":0,"comment_status":"closed","ping_status":"open","template":"","meta":{"_et_pb_use_builder":"","_et_pb_old_content":"","_et_gb_content_width":"","footnotes":""},"class_list":["post-3","page","type-page","status-publish","hentry"],"jetpack_sharing_enabled":true,"_links":{"self":[{"href":"https:\/\/www.lesenfantsdefrankie.com\/en\/wp-json\/wp\/v2\/pages\/3","targetHints":{"allow":["GET"]}}],"collection":[{"href":"https:\/\/www.lesenfantsdefrankie.com\/en\/wp-json\/wp\/v2\/pages"}],"about":[{"href":"https:\/\/www.lesenfantsdefrankie.com\/en\/wp-json\/wp\/v2\/types\/page"}],"author":[{"embeddable":true,"href":"https:\/\/www.lesenfantsdefrankie.com\/en\/wp-json\/wp\/v2\/users\/2"}],"replies":[{"embeddable":true,"href":"https:\/\/www.lesenfantsdefrankie.com\/en\/wp-json\/wp\/v2\/comments?post=3"}],"version-history":[{"count":0,"href":"https:\/\/www.lesenfantsdefrankie.com\/en\/wp-json\/wp\/v2\/pages\/3\/revisions"}],"wp:attachment":[{"href":"https:\/\/www.lesenfantsdefrankie.com\/en\/wp-json\/wp\/v2\/media?parent=3"}],"curies":[{"name":"wp","href":"https:\/\/api.w.org\/{rel}","templated":true}]}}